{"id":2461,"date":"2025-08-02T16:52:48","date_gmt":"2025-08-02T22:52:48","guid":{"rendered":"https:\/\/360cafecr.com\/?post_type=product&#038;p=2461"},"modified":"2025-08-12T14:43:43","modified_gmt":"2025-08-12T20:43:43","slug":"irlandes-360","status":"publish","type":"product","link":"https:\/\/360cafecr.com\/en\/product\/irlandes-360\/","title":{"rendered":"Irland\u00e9s 360"},"content":{"rendered":"","protected":false},"excerpt":{"rendered":"<p>Espresso with hot water, whiskey, condensed milk and whipped cream. <strong>8 Oz size<\/strong><\/p>","protected":false},"featured_media":3704,"comment_status":"closed","ping_status":"closed","template":"","meta":{"_uag_custom_page_level_css":"","site-sidebar-layout":"default","site-content-layout":"","ast-site-content-layout":"default","site-content-style":"default","site-sidebar-style":"default","ast-global-header-display":"","ast-banner-title-visibility":"","ast-main-header-display":"","ast-hfb-above-header-display":"","ast-hfb-below-header-display":"","ast-hfb-mobile-header-display":"","site-post-title":"","ast-breadcrumbs-content":"","ast-featured-img":"","footer-sml-layout":"","ast-disable-related-posts":"","theme-transparent-header-meta":"default","adv-header-id-meta":"","stick-header-meta":"","header-above-stick-meta":"","header-main-stick-meta":"","header-below-stick-meta":"","astra-migrate-meta-layouts":"set","ast-page-background-enabled":"default","ast-page-background-meta":{"desktop":{"background-color":"","background-image":"","background-repeat":"repeat","background-position":"center center","background-size":"auto","background-attachment":"scroll","background-type":"","background-media":"","overlay-type":"","overlay-color":"","overlay-opacity":"","overlay-gradient":""},"tablet":{"background-color":"","background-image":"","background-repeat":"repeat","background-position":"center center","background-size":"auto","background-attachment":"scroll","background-type":"","background-media":"","overlay-type":"","overlay-color":"","overlay-opacity":"","overlay-gradient":""},"mobile":{"background-color":"","background-image":"","background-repeat":"repeat","background-position":"center center","background-size":"auto","background-attachment":"scroll","background-type":"","background-media":"","overlay-type":"","overlay-color":"","overlay-opacity":"","overlay-gradient":""}},"ast-content-background-meta":{"desktop":{"background-color":"var(--ast-global-color-5)","background-image":"","background-repeat":"repeat","background-position":"center center","background-size":"auto","background-attachment":"scroll","background-type":"","background-media":"","overlay-type":"","overlay-color":"","overlay-opacity":"","overlay-gradient":""},"tablet":{"background-color":"var(--ast-global-color-5)","background-image":"","background-repeat":"repeat","background-position":"center center","background-size":"auto","background-attachment":"scroll","background-type":"","background-media":"","overlay-type":"","overlay-color":"","overlay-opacity":"","overlay-gradient":""},"mobile":{"background-color":"var(--ast-global-color-5)","background-image":"","background-repeat":"repeat","background-position":"center center","background-size":"auto","background-attachment":"scroll","background-type":"","background-media":"","overlay-type":"","overlay-color":"","overlay-opacity":"","overlay-gradient":""}},"_themeisle_gutenberg_block_has_review":false},"product_brand":[],"product_cat":[38,39],"product_tag":[72],"class_list":{"0":"post-2461","1":"product","2":"type-product","3":"status-publish","4":"has-post-thumbnail","6":"product_cat-bebidas","7":"product_cat-cafes-calientes","8":"product_tag-cafe","9":"wpcafe_location-bebidas","10":"wpcafe_location-bebidas-calientes-con-cafe","11":"desktop-align-left","12":"tablet-align-left","13":"mobile-align-left","15":"first","16":"instock","17":"taxable","18":"shipping-taxable","19":"purchasable","20":"product-type-simple"},"yoast_head":"<!-- This site is optimized with the Yoast SEO plugin v27.4 - https:\/\/yoast.com\/product\/yoast-seo-wordpress\/ -->\n<title>Irland\u00e9s 360 - 360 Caf\u00e9<\/title>\n<meta name=\"description\" content=\"Espresso con agua caliente, whisky, leche condensada y crema chantilly. Presentaci\u00f3n en 8 Oz\" \/>\n<meta name=\"robots\" content=\"index, follow, max-snippet:-1, max-image-preview:large, max-video-preview:-1\" \/>\n<link rel=\"canonical\" href=\"https:\/\/360cafecr.com\/en\/product\/irlandes-360\/\" \/>\n<meta property=\"og:locale\" content=\"en_US\" \/>\n<meta property=\"og:type\" content=\"article\" \/>\n<meta property=\"og:title\" content=\"Irland\u00e9s 360 - 360 Caf\u00e9\" \/>\n<meta property=\"og:description\" content=\"Espresso con agua caliente, whisky, leche condensada y crema chantilly. Presentaci\u00f3n en 8 Oz\" \/>\n<meta property=\"og:url\" content=\"https:\/\/360cafecr.com\/en\/product\/irlandes-360\/\" \/>\n<meta property=\"og:site_name\" content=\"360 Caf\u00e9\" \/>\n<meta property=\"article:publisher\" content=\"https:\/\/www.facebook.com\/360CafeCR\" \/>\n<meta property=\"article:modified_time\" content=\"2025-08-12T20:43:43+00:00\" \/>\n<meta property=\"og:image\" content=\"https:\/\/360cafecr.com\/wp-content\/uploads\/2025\/08\/DSC_0333-photoshop-e1754595762172.jpg\" \/>\n\t<meta property=\"og:image:width\" content=\"1600\" \/>\n\t<meta property=\"og:image:height\" content=\"1724\" \/>\n\t<meta property=\"og:image:type\" content=\"image\/jpeg\" \/>\n<meta name=\"twitter:card\" content=\"summary_large_image\" \/>\n<meta name=\"twitter:label1\" content=\"Est. reading time\" \/>\n\t<meta name=\"twitter:data1\" content=\"1 minute\" \/>\n<script type=\"application\/ld+json\" class=\"yoast-schema-graph\">{\"@context\":\"https:\\\/\\\/schema.org\",\"@graph\":[{\"@type\":\"WebPage\",\"@id\":\"https:\\\/\\\/360cafecr.com\\\/product\\\/irlandes-360\\\/\",\"url\":\"https:\\\/\\\/360cafecr.com\\\/product\\\/irlandes-360\\\/\",\"name\":\"Irland\u00e9s 360 - 360 Caf\u00e9\",\"isPartOf\":{\"@id\":\"https:\\\/\\\/360cafecr.com\\\/#website\"},\"primaryImageOfPage\":{\"@id\":\"https:\\\/\\\/360cafecr.com\\\/product\\\/irlandes-360\\\/#primaryimage\"},\"image\":{\"@id\":\"https:\\\/\\\/360cafecr.com\\\/product\\\/irlandes-360\\\/#primaryimage\"},\"thumbnailUrl\":\"https:\\\/\\\/360cafecr.com\\\/wp-content\\\/uploads\\\/2025\\\/08\\\/DSC_0333-photoshop-e1754595762172.jpg\",\"datePublished\":\"2025-08-02T22:52:48+00:00\",\"dateModified\":\"2025-08-12T20:43:43+00:00\",\"description\":\"Espresso con agua caliente, whisky, leche condensada y crema chantilly. Presentaci\u00f3n en 8 Oz\",\"breadcrumb\":{\"@id\":\"https:\\\/\\\/360cafecr.com\\\/product\\\/irlandes-360\\\/#breadcrumb\"},\"inLanguage\":\"en-US\",\"potentialAction\":[{\"@type\":\"ReadAction\",\"target\":[\"https:\\\/\\\/360cafecr.com\\\/product\\\/irlandes-360\\\/\"]}]},{\"@type\":\"ImageObject\",\"inLanguage\":\"en-US\",\"@id\":\"https:\\\/\\\/360cafecr.com\\\/product\\\/irlandes-360\\\/#primaryimage\",\"url\":\"https:\\\/\\\/360cafecr.com\\\/wp-content\\\/uploads\\\/2025\\\/08\\\/DSC_0333-photoshop-e1754595762172.jpg\",\"contentUrl\":\"https:\\\/\\\/360cafecr.com\\\/wp-content\\\/uploads\\\/2025\\\/08\\\/DSC_0333-photoshop-e1754595762172.jpg\",\"width\":1600,\"height\":1724},{\"@type\":\"BreadcrumbList\",\"@id\":\"https:\\\/\\\/360cafecr.com\\\/product\\\/irlandes-360\\\/#breadcrumb\",\"itemListElement\":[{\"@type\":\"ListItem\",\"position\":1,\"name\":\"Portada\",\"item\":\"https:\\\/\\\/360cafecr.com\\\/\"},{\"@type\":\"ListItem\",\"position\":2,\"name\":\"Tienda\",\"item\":\"https:\\\/\\\/360cafecr.com\\\/shop\\\/\"},{\"@type\":\"ListItem\",\"position\":3,\"name\":\"Irland\u00e9s 360\"}]},{\"@type\":\"WebSite\",\"@id\":\"https:\\\/\\\/360cafecr.com\\\/#website\",\"url\":\"https:\\\/\\\/360cafecr.com\\\/\",\"name\":\"360 Caf\u00e9\",\"description\":\"360 Caf\u00e9 website\",\"publisher\":{\"@id\":\"https:\\\/\\\/360cafecr.com\\\/#organization\"},\"alternateName\":\"Caf\u00e9 360 Costa Rica\",\"potentialAction\":[{\"@type\":\"SearchAction\",\"target\":{\"@type\":\"EntryPoint\",\"urlTemplate\":\"https:\\\/\\\/360cafecr.com\\\/?s={search_term_string}\"},\"query-input\":{\"@type\":\"PropertyValueSpecification\",\"valueRequired\":true,\"valueName\":\"search_term_string\"}}],\"inLanguage\":\"en-US\"},{\"@type\":\"Organization\",\"@id\":\"https:\\\/\\\/360cafecr.com\\\/#organization\",\"name\":\"360 Caf\u00e9\",\"alternateName\":\"Caf\u00e9 360\",\"url\":\"https:\\\/\\\/360cafecr.com\\\/\",\"logo\":{\"@type\":\"ImageObject\",\"inLanguage\":\"en-US\",\"@id\":\"https:\\\/\\\/360cafecr.com\\\/#\\\/schema\\\/logo\\\/image\\\/\",\"url\":\"https:\\\/\\\/360cafecr.com\\\/wp-content\\\/uploads\\\/2025\\\/08\\\/Logo-360-cafe.png\",\"contentUrl\":\"https:\\\/\\\/360cafecr.com\\\/wp-content\\\/uploads\\\/2025\\\/08\\\/Logo-360-cafe.png\",\"width\":2386,\"height\":2386,\"caption\":\"360 Caf\u00e9\"},\"image\":{\"@id\":\"https:\\\/\\\/360cafecr.com\\\/#\\\/schema\\\/logo\\\/image\\\/\"},\"sameAs\":[\"https:\\\/\\\/www.facebook.com\\\/360CafeCR\",\"https:\\\/\\\/www.instagram.com\\\/360cafecr\\\/\"]}]}<\/script>\n<!-- \/ Yoast SEO plugin. -->","yoast_head_json":{"title":"Irland\u00e9s 360 - 360 Caf\u00e9","description":"Espresso with hot water, whiskey, condensed milk, and whipped cream. Size 8 oz.","robots":{"index":"index","follow":"follow","max-snippet":"max-snippet:-1","max-image-preview":"max-image-preview:large","max-video-preview":"max-video-preview:-1"},"canonical":"https:\/\/360cafecr.com\/en\/product\/irlandes-360\/","og_locale":"en_US","og_type":"article","og_title":"Irland\u00e9s 360 - 360 Caf\u00e9","og_description":"Espresso con agua caliente, whisky, leche condensada y crema chantilly. Presentaci\u00f3n en 8 Oz","og_url":"https:\/\/360cafecr.com\/en\/product\/irlandes-360\/","og_site_name":"360 Caf\u00e9","article_publisher":"https:\/\/www.facebook.com\/360CafeCR","article_modified_time":"2025-08-12T20:43:43+00:00","og_image":[{"width":1600,"height":1724,"url":"https:\/\/360cafecr.com\/wp-content\/uploads\/2025\/08\/DSC_0333-photoshop-e1754595762172.jpg","type":"image\/jpeg"}],"twitter_card":"summary_large_image","twitter_misc":{"Est. reading time":"1 minute"},"schema":{"@context":"https:\/\/schema.org","@graph":[{"@type":"WebPage","@id":"https:\/\/360cafecr.com\/product\/irlandes-360\/","url":"https:\/\/360cafecr.com\/product\/irlandes-360\/","name":"Irland\u00e9s 360 - 360 Caf\u00e9","isPartOf":{"@id":"https:\/\/360cafecr.com\/#website"},"primaryImageOfPage":{"@id":"https:\/\/360cafecr.com\/product\/irlandes-360\/#primaryimage"},"image":{"@id":"https:\/\/360cafecr.com\/product\/irlandes-360\/#primaryimage"},"thumbnailUrl":"https:\/\/360cafecr.com\/wp-content\/uploads\/2025\/08\/DSC_0333-photoshop-e1754595762172.jpg","datePublished":"2025-08-02T22:52:48+00:00","dateModified":"2025-08-12T20:43:43+00:00","description":"Espresso with hot water, whiskey, condensed milk, and whipped cream. Size 8 oz.","breadcrumb":{"@id":"https:\/\/360cafecr.com\/product\/irlandes-360\/#breadcrumb"},"inLanguage":"en-US","potentialAction":[{"@type":"ReadAction","target":["https:\/\/360cafecr.com\/product\/irlandes-360\/"]}]},{"@type":"ImageObject","inLanguage":"en-US","@id":"https:\/\/360cafecr.com\/product\/irlandes-360\/#primaryimage","url":"https:\/\/360cafecr.com\/wp-content\/uploads\/2025\/08\/DSC_0333-photoshop-e1754595762172.jpg","contentUrl":"https:\/\/360cafecr.com\/wp-content\/uploads\/2025\/08\/DSC_0333-photoshop-e1754595762172.jpg","width":1600,"height":1724},{"@type":"BreadcrumbList","@id":"https:\/\/360cafecr.com\/product\/irlandes-360\/#breadcrumb","itemListElement":[{"@type":"ListItem","position":1,"name":"Portada","item":"https:\/\/360cafecr.com\/"},{"@type":"ListItem","position":2,"name":"Tienda","item":"https:\/\/360cafecr.com\/shop\/"},{"@type":"ListItem","position":3,"name":"Irland\u00e9s 360"}]},{"@type":"WebSite","@id":"https:\/\/360cafecr.com\/#website","url":"https:\/\/360cafecr.com\/","name":"360 Caf\u00e9","description":"360 Caf\u00e9 website","publisher":{"@id":"https:\/\/360cafecr.com\/#organization"},"alternateName":"Caf\u00e9 360 Costa Rica","potentialAction":[{"@type":"SearchAction","target":{"@type":"EntryPoint","urlTemplate":"https:\/\/360cafecr.com\/?s={search_term_string}"},"query-input":{"@type":"PropertyValueSpecification","valueRequired":true,"valueName":"search_term_string"}}],"inLanguage":"en-US"},{"@type":"Organization","@id":"https:\/\/360cafecr.com\/#organization","name":"360 Caf\u00e9","alternateName":"Caf\u00e9 360","url":"https:\/\/360cafecr.com\/","logo":{"@type":"ImageObject","inLanguage":"en-US","@id":"https:\/\/360cafecr.com\/#\/schema\/logo\/image\/","url":"https:\/\/360cafecr.com\/wp-content\/uploads\/2025\/08\/Logo-360-cafe.png","contentUrl":"https:\/\/360cafecr.com\/wp-content\/uploads\/2025\/08\/Logo-360-cafe.png","width":2386,"height":2386,"caption":"360 Caf\u00e9"},"image":{"@id":"https:\/\/360cafecr.com\/#\/schema\/logo\/image\/"},"sameAs":["https:\/\/www.facebook.com\/360CafeCR","https:\/\/www.instagram.com\/360cafecr\/"]}]}},"uagb_featured_image_src":{"full":["https:\/\/360cafecr.com\/wp-content\/uploads\/2025\/08\/DSC_0333-photoshop-e1754595762172.jpg",1600,1724,false],"thumbnail":["https:\/\/360cafecr.com\/wp-content\/uploads\/2025\/08\/DSC_0333-photoshop-e1754595762172-150x150.jpg",150,150,true],"medium":["https:\/\/360cafecr.com\/wp-content\/uploads\/2025\/08\/DSC_0333-photoshop-e1754595762172-278x300.jpg",278,300,true],"medium_large":["https:\/\/360cafecr.com\/wp-content\/uploads\/2025\/08\/DSC_0333-photoshop-e1754595762172-768x828.jpg",768,828,true],"large":["https:\/\/360cafecr.com\/wp-content\/uploads\/2025\/08\/DSC_0333-photoshop-e1754595762172-950x1024.jpg",950,1024,true],"1536x1536":["https:\/\/360cafecr.com\/wp-content\/uploads\/2025\/08\/DSC_0333-photoshop-e1754595762172-1426x1536.jpg",1426,1536,true],"2048x2048":["https:\/\/360cafecr.com\/wp-content\/uploads\/2025\/08\/DSC_0333-photoshop-1365x2048.jpg",1365,2048,true],"trp-custom-language-flag":["https:\/\/360cafecr.com\/wp-content\/uploads\/2025\/08\/DSC_0333-photoshop-e1754595762172.jpg",11,12,false],"woocommerce_thumbnail":["https:\/\/360cafecr.com\/wp-content\/uploads\/2025\/08\/DSC_0333-photoshop-e1754595762172-300x300.jpg",300,300,true],"woocommerce_single":["https:\/\/360cafecr.com\/wp-content\/uploads\/2025\/08\/DSC_0333-photoshop-e1754595762172-600x647.jpg",600,647,true],"woocommerce_gallery_thumbnail":["https:\/\/360cafecr.com\/wp-content\/uploads\/2025\/08\/DSC_0333-photoshop-e1754595762172-100x100.jpg",100,100,true]},"uagb_author_info":{"display_name":"Mauricio Zuniga","author_link":"https:\/\/360cafecr.com\/en\/author\/"},"uagb_comment_info":0,"uagb_excerpt":"Espresso con agua caliente, whisky, leche condensada y crema chantilly. Presentaci\u00f3n en 8 Oz","jetpack_sharing_enabled":true,"_links":{"self":[{"href":"https:\/\/360cafecr.com\/en\/wp-json\/wp\/v2\/product\/2461","targetHints":{"allow":["GET"]}}],"collection":[{"href":"https:\/\/360cafecr.com\/en\/wp-json\/wp\/v2\/product"}],"about":[{"href":"https:\/\/360cafecr.com\/en\/wp-json\/wp\/v2\/types\/product"}],"replies":[{"embeddable":true,"href":"https:\/\/360cafecr.com\/en\/wp-json\/wp\/v2\/comments?post=2461"}],"version-history":[{"count":1,"href":"https:\/\/360cafecr.com\/en\/wp-json\/wp\/v2\/product\/2461\/revisions"}],"predecessor-version":[{"id":2462,"href":"https:\/\/360cafecr.com\/en\/wp-json\/wp\/v2\/product\/2461\/revisions\/2462"}],"wp:featuredmedia":[{"embeddable":true,"href":"https:\/\/360cafecr.com\/en\/wp-json\/wp\/v2\/media\/3704"}],"wp:attachment":[{"href":"https:\/\/360cafecr.com\/en\/wp-json\/wp\/v2\/media?parent=2461"}],"wp:term":[{"taxonomy":"product_brand","embeddable":true,"href":"https:\/\/360cafecr.com\/en\/wp-json\/wp\/v2\/product_brand?post=2461"},{"taxonomy":"product_cat","embeddable":true,"href":"https:\/\/360cafecr.com\/en\/wp-json\/wp\/v2\/product_cat?post=2461"},{"taxonomy":"product_tag","embeddable":true,"href":"https:\/\/360cafecr.com\/en\/wp-json\/wp\/v2\/product_tag?post=2461"}],"curies":[{"name":"wp","href":"https:\/\/api.w.org\/{rel}","templated":true}]}}